{"id":8754,"date":"2016-03-14T14:33:38","date_gmt":"2016-03-14T14:33:38","guid":{"rendered":"http:\/\/brooklyn.fatmoon.kinsta.com\/?page_id=2"},"modified":"2025-11-07T14:53:01","modified_gmt":"2025-11-07T13:53:01","slug":"home","status":"publish","type":"page","link":"https:\/\/eaglegolftech.com\/en\/","title":{"rendered":"Home"},"content":{"rendered":"<div data-elementor-type=\"wp-post\" data-elementor-id=\"8754\" class=\"elementor elementor-8754\">\n\t\t\t\t\t\t<section class=\"elementor-section elementor-top-section elementor-element elementor-element-bcec401 elementor-section-stretched elementor-section-height-min-height elementor-section-boxed elementor-section-height-default elementor-section-items-middle\" data-id=\"bcec401\" data-element_type=\"section\" id=\"home\" data-settings=\"{&quot;stretch_section&quot;:&quot;section-stretched&quot;,&quot;background_background&quot;:&quot;slideshow&quot;,&quot;background_slideshow_gallery&quot;:[{&quot;id&quot;:12284,&quot;url&quot;:&quot;https:\\\/\\\/eaglegolftech.com\\\/wp-content\\\/uploads\\\/2025\\\/03\\\/BW22_mavic2_00084-scaled.jpg&quot;},{&quot;id&quot;:12301,&quot;url&quot;:&quot;https:\\\/\\\/eaglegolftech.com\\\/wp-content\\\/uploads\\\/2025\\\/03\\\/DJI_0247-scaled.jpg&quot;},{&quot;id&quot;:12296,&quot;url&quot;:&quot;https:\\\/\\\/eaglegolftech.com\\\/wp-content\\\/uploads\\\/2025\\\/03\\\/BW_23_DR_00032-scaled.jpg&quot;},{&quot;id&quot;:13435,&quot;url&quot;:&quot;https:\\\/\\\/eaglegolftech.com\\\/wp-content\\\/uploads\\\/2025\\\/09\\\/23.09-POLE-5-scaled.jpg&quot;}],&quot;background_slideshow_transition_duration&quot;:400,&quot;background_slideshow_slide_transition&quot;:&quot;slide_right&quot;,&quot;background_slideshow_loop&quot;:&quot;yes&quot;,&quot;background_slideshow_slide_duration&quot;:5000}\">\n\t\t\t\t\t\t\t<div class=\"elementor-background-overlay\"><\/div>\n\t\t\t\t\t\t\t<div class=\"elementor-container elementor-column-gap-default\">\n\t\t\t\t\t<div class=\"elementor-column elementor-col-100 elementor-top-column elementor-element elementor-element-0838c20\" data-id=\"0838c20\" data-element_type=\"column\">\n\t\t\t<div class=\"elementor-widget-wrap elementor-element-populated\">\n\t\t\t\t\t\t<div class=\"elementor-element elementor-element-3598a57 elementor-widget elementor-widget-heading\" data-id=\"3598a57\" data-element_type=\"widget\" data-widget_type=\"heading.default\">\n\t\t\t\t<div class=\"elementor-widget-container\">\n\t\t\t\t\t<h1 class=\"elementor-heading-title elementor-size-default\">Comprehensive solutions for golf courses<\/h1>\t\t\t\t<\/div>\n\t\t\t\t<\/div>\n\t\t\t\t<div class=\"elementor-element elementor-element-ee70fc7 elementor-widget elementor-widget-text-editor\" data-id=\"ee70fc7\" data-element_type=\"widget\" data-widget_type=\"text-editor.default\">\n\t\t\t\t<div class=\"elementor-widget-container\">\n\t\t\t\t\t\t\t\t\t<p style=\"text-align: center;\"><span style=\"color: #ffffff;\">Greenkeeping tools, informational and promotional elements, <br \/>all the way to practical accessories.<\/span><\/p><p style=\"text-align: center;\"><span style=\"color: #ffffff;\">We combine innovation with aesthetics, helping course <br \/>owners maintain the highest standards <br \/>and effectively promote their brand<\/span><\/p>\t\t\t\t\t\t\t\t<\/div>\n\t\t\t\t<\/div>\n\t\t<div class=\"elementor-element elementor-element-d4bbf9a golf-cards-overlap e-flex e-con-boxed e-con e-parent\" data-id=\"d4bbf9a\" data-element_type=\"container\" data-settings=\"{&quot;background_background&quot;:&quot;classic&quot;}\">\n\t\t\t\t\t<div class=\"e-con-inner\">\n\t\t<div class=\"elementor-element elementor-element-9d51749 figma-glass-element e-con-full e-flex e-con e-child\" data-id=\"9d51749\" data-element_type=\"container\">\n\t\t\t\t<div class=\"elementor-element elementor-element-27eb4ad elementor-widget elementor-widget-image\" data-id=\"27eb4ad\" data-element_type=\"widget\" data-widget_type=\"image.default\">\n\t\t\t\t<div class=\"elementor-widget-container\">\n\t\t\t\t\t\t\t\t\t\t\t\t\t\t\t\t<a href=\"https:\/\/eaglegolftech.com\/en\/narzedzia\/\">\n\t\t\t\t\t\t\t<img decoding=\"async\" src=\"https:\/\/eaglegolftech.com\/wp-content\/uploads\/elementor\/thumbs\/Obszar-roboczy-1_1-reazyxhnbyj5doc5qisrb3cnn0lbopk14kh30liqa2.png\" title=\"Obszar roboczy 1_1\" alt=\"Obszar roboczy 1_1\" class=\"elementor-animation-grow-rotate\" loading=\"lazy\" \/>\t\t\t\t\t\t\t\t<\/a>\n\t\t\t\t\t\t\t\t\t\t\t\t\t\t\t<\/div>\n\t\t\t\t<\/div>\n\t\t\t\t<div class=\"elementor-element elementor-element-a14ec63 elementor-widget elementor-widget-heading\" data-id=\"a14ec63\" data-element_type=\"widget\" data-widget_type=\"heading.default\">\n\t\t\t\t<div class=\"elementor-widget-container\">\n\t\t\t\t\t<h3 class=\"elementor-heading-title elementor-size-default\">greenkeeper tool<\/h3>\t\t\t\t<\/div>\n\t\t\t\t<\/div>\n\t\t\t\t<div class=\"elementor-element elementor-element-0c20f51 elementor-widget__width-initial elementor-widget elementor-widget-text-editor\" data-id=\"0c20f51\" data-element_type=\"widget\" data-widget_type=\"text-editor.default\">\n\t\t\t\t<div class=\"elementor-widget-container\">\n\t\t\t\t\t\t\t\t\t<p>Professional turf maintenance tools, designed for greenkeepers who strive to keep the golf course in perfect condition.<\/p>\t\t\t\t\t\t\t\t<\/div>\n\t\t\t\t<\/div>\n\t\t\t\t<\/div>\n\t\t<div class=\"elementor-element elementor-element-3a6a812 e-con-full figma-glass-element e-flex e-con e-child\" data-id=\"3a6a812\" data-element_type=\"container\">\n\t\t\t\t<div class=\"elementor-element elementor-element-a76d652 elementor-widget elementor-widget-image\" data-id=\"a76d652\" data-element_type=\"widget\" data-widget_type=\"image.default\">\n\t\t\t\t<div class=\"elementor-widget-container\">\n\t\t\t\t\t\t\t\t\t\t\t\t\t\t\t\t<a href=\"https:\/\/eaglegolftech.com\/en\/nawigacja\/\">\n\t\t\t\t\t\t\t<img fetchpriority=\"high\" decoding=\"async\" width=\"417\" height=\"417\" src=\"https:\/\/eaglegolftech.com\/wp-content\/uploads\/2025\/11\/Obszar-roboczy-1_3.png\" class=\"elementor-animation-grow-rotate attachment-full size-full wp-image-13899\" alt=\"\" srcset=\"https:\/\/eaglegolftech.com\/wp-content\/uploads\/2025\/11\/Obszar-roboczy-1_3.png 417w, https:\/\/eaglegolftech.com\/wp-content\/uploads\/2025\/11\/Obszar-roboczy-1_3-300x300.png 300w, https:\/\/eaglegolftech.com\/wp-content\/uploads\/2025\/11\/Obszar-roboczy-1_3-150x150.png 150w, https:\/\/eaglegolftech.com\/wp-content\/uploads\/2025\/11\/Obszar-roboczy-1_3-12x12.png 12w\" sizes=\"(max-width: 417px) 100vw, 417px\" \/>\t\t\t\t\t\t\t\t<\/a>\n\t\t\t\t\t\t\t\t\t\t\t\t\t\t\t<\/div>\n\t\t\t\t<\/div>\n\t\t\t\t<div class=\"elementor-element elementor-element-1025011 elementor-widget elementor-widget-heading\" data-id=\"1025011\" data-element_type=\"widget\" data-widget_type=\"heading.default\">\n\t\t\t\t<div class=\"elementor-widget-container\">\n\t\t\t\t\t<h3 class=\"elementor-heading-title elementor-size-default\">navigation<\/h3>\t\t\t\t<\/div>\n\t\t\t\t<\/div>\n\t\t\t\t<div class=\"elementor-element elementor-element-ae2d583 elementor-widget elementor-widget-text-editor\" data-id=\"ae2d583\" data-element_type=\"widget\" data-widget_type=\"text-editor.default\">\n\t\t\t\t<div class=\"elementor-widget-container\">\n\t\t\t\t\t\t\t\t\t<p>Clear signage and informational boards that help players navigate the golf course with ease.<\/p>\t\t\t\t\t\t\t\t<\/div>\n\t\t\t\t<\/div>\n\t\t\t\t<\/div>\n\t\t<div class=\"elementor-element elementor-element-d53320d e-con-full figma-glass-element e-flex e-con e-child\" data-id=\"d53320d\" data-element_type=\"container\">\n\t\t\t\t<div class=\"elementor-element elementor-element-be9fb78 elementor-widget elementor-widget-image\" data-id=\"be9fb78\" data-element_type=\"widget\" data-widget_type=\"image.default\">\n\t\t\t\t<div class=\"elementor-widget-container\">\n\t\t\t\t\t\t\t\t\t\t\t\t\t\t\t\t<a href=\"https:\/\/eaglegolftech.com\/en\/reklama-2\/\">\n\t\t\t\t\t\t\t<img decoding=\"async\" width=\"417\" height=\"417\" src=\"https:\/\/eaglegolftech.com\/wp-content\/uploads\/2025\/11\/Obszar-roboczy-1.png\" class=\"elementor-animation-grow-rotate attachment-full size-full wp-image-13900\" alt=\"\" srcset=\"https:\/\/eaglegolftech.com\/wp-content\/uploads\/2025\/11\/Obszar-roboczy-1.png 417w, https:\/\/eaglegolftech.com\/wp-content\/uploads\/2025\/11\/Obszar-roboczy-1-300x300.png 300w, https:\/\/eaglegolftech.com\/wp-content\/uploads\/2025\/11\/Obszar-roboczy-1-150x150.png 150w, https:\/\/eaglegolftech.com\/wp-content\/uploads\/2025\/11\/Obszar-roboczy-1-12x12.png 12w\" sizes=\"(max-width: 417px) 100vw, 417px\" \/>\t\t\t\t\t\t\t\t<\/a>\n\t\t\t\t\t\t\t\t\t\t\t\t\t\t\t<\/div>\n\t\t\t\t<\/div>\n\t\t\t\t<div class=\"elementor-element elementor-element-d36fa97 elementor-widget elementor-widget-heading\" data-id=\"d36fa97\" data-element_type=\"widget\" data-widget_type=\"heading.default\">\n\t\t\t\t<div class=\"elementor-widget-container\">\n\t\t\t\t\t<h3 class=\"elementor-heading-title elementor-size-default\">ADVERTISEMENT<\/h3>\t\t\t\t<\/div>\n\t\t\t\t<\/div>\n\t\t\t\t<div class=\"elementor-element elementor-element-a8e7298 elementor-widget elementor-widget-text-editor\" data-id=\"a8e7298\" data-element_type=\"widget\" data-widget_type=\"text-editor.default\">\n\t\t\t\t<div class=\"elementor-widget-container\">\n\t\t\t\t\t\t\t\t\t<p>Advertising boards and promotional materials placed around the golf course \u2014 supporting sponsors and events.<\/p>\t\t\t\t\t\t\t\t<\/div>\n\t\t\t\t<\/div>\n\t\t\t\t<\/div>\n\t\t<div class=\"elementor-element elementor-element-3ee3e0d e-con-full figma-glass-element e-flex e-con e-child\" data-id=\"3ee3e0d\" data-element_type=\"container\">\n\t\t\t\t<div class=\"elementor-element elementor-element-71748e6 elementor-widget elementor-widget-image\" data-id=\"71748e6\" data-element_type=\"widget\" data-widget_type=\"image.default\">\n\t\t\t\t<div class=\"elementor-widget-container\">\n\t\t\t\t\t\t\t\t\t\t\t\t\t\t\t\t<a href=\"https:\/\/eaglegolftech.com\/en\/inne\/\">\n\t\t\t\t\t\t\t<img decoding=\"async\" width=\"417\" height=\"417\" src=\"https:\/\/eaglegolftech.com\/wp-content\/uploads\/2025\/11\/Obszar-roboczy-1_2.png\" class=\"elementor-animation-grow-rotate attachment-full size-full wp-image-13901\" alt=\"\" srcset=\"https:\/\/eaglegolftech.com\/wp-content\/uploads\/2025\/11\/Obszar-roboczy-1_2.png 417w, https:\/\/eaglegolftech.com\/wp-content\/uploads\/2025\/11\/Obszar-roboczy-1_2-300x300.png 300w, https:\/\/eaglegolftech.com\/wp-content\/uploads\/2025\/11\/Obszar-roboczy-1_2-150x150.png 150w, https:\/\/eaglegolftech.com\/wp-content\/uploads\/2025\/11\/Obszar-roboczy-1_2-12x12.png 12w\" sizes=\"(max-width: 417px) 100vw, 417px\" \/>\t\t\t\t\t\t\t\t<\/a>\n\t\t\t\t\t\t\t\t\t\t\t\t\t\t\t<\/div>\n\t\t\t\t<\/div>\n\t\t\t\t<div class=\"elementor-element elementor-element-7a7b266 elementor-widget elementor-widget-heading\" data-id=\"7a7b266\" data-element_type=\"widget\" data-widget_type=\"heading.default\">\n\t\t\t\t<div class=\"elementor-widget-container\">\n\t\t\t\t\t<h3 class=\"elementor-heading-title elementor-size-default\">OTHER<\/h3>\t\t\t\t<\/div>\n\t\t\t\t<\/div>\n\t\t\t\t<div class=\"elementor-element elementor-element-3b75946 elementor-widget elementor-widget-text-editor\" data-id=\"3b75946\" data-element_type=\"widget\" data-widget_type=\"text-editor.default\">\n\t\t\t\t<div class=\"elementor-widget-container\">\n\t\t\t\t\t\t\t\t\t<p>Other accessories include a variety of practical and promotional items designed to support the golf course, players, and sponsors.<\/p>\t\t\t\t\t\t\t\t<\/div>\n\t\t\t\t<\/div>\n\t\t\t\t<\/div>\n\t\t\t\t\t<\/div>\n\t\t\t\t<\/div>\n\t\t<div class=\"elementor-element elementor-element-440dce0 e-flex e-con-boxed e-con e-parent\" data-id=\"440dce0\" data-element_type=\"container\">\n\t\t\t\t\t<div class=\"e-con-inner\">\n\t\t\t\t<div class=\"elementor-element elementor-element-3961f99 elementor-widget elementor-widget-html\" data-id=\"3961f99\" data-element_type=\"widget\" data-widget_type=\"html.default\">\n\t\t\t\t<div class=\"elementor-widget-container\">\n\t\t\t\t\t<script>\r\ndocument.addEventListener('DOMContentLoaded', function() {\r\n    \/\/ 1. Zdefiniowanie par ID kontenera i docelowego URL\r\n    const linksMap = {\r\n        \/\/ Kontener 1: GREENKEEPER TOOL\r\n        'elementor-element-9d51749': 'https:\/\/eaglegolftech.com\/narzedzia\/',\r\n        \/\/ Kontener 2: NAVIGATION\r\n        'elementor-element-3a6a812': 'https:\/\/eaglegolftech.com\/nawigacja\/',\r\n        \/\/ Kontener 3: ADVERTISEMENT\r\n        'elementor-element-d53320d': 'https:\/\/eaglegolftech.com\/reklama-2\/',\r\n        \/\/ Kontener 4: OTHER\r\n        'elementor-element-3ee3e0d': 'https:\/\/eaglegolftech.com\/inne\/'\r\n    };\r\n\r\n    \/\/ 2. Iteracja po mapie i dodanie funkcjonalno\u015bci klikni\u0119cia\r\n    for (const id in linksMap) {\r\n        const container = document.querySelector('.' + id);\r\n        const url = linksMap[id];\r\n        \r\n        if (container) {\r\n            \/\/ Dodajemy atrybuty, kt\u00f3re sprawiaj\u0105, \u017ce kontener wygl\u0105da i dzia\u0142a jak link\r\n            container.style.cursor = 'pointer';\r\n            \r\n            container.addEventListener('click', function() {\r\n                \/\/ Przekierowuje u\u017cytkownika do zdefiniowanego URL\r\n                window.location.href = url;\r\n            });\r\n        }\r\n    }\r\n});\r\n<\/script>\t\t\t\t<\/div>\n\t\t\t\t<\/div>\n\t\t\t\t\t<\/div>\n\t\t\t\t<\/div>\n\t\t\t\t\t<\/div>\n\t\t<\/div>\n\t\t\t\t\t<\/div>\n\t\t<\/section>\n\t\t\t\t<\/div>","protected":false},"excerpt":{"rendered":"<p>Comprehensive solutions for golf courses Greenkeeping tools, informational and promotional&hellip;<\/p>\n<p> <a class=\"more-link\" href=\"https:\/\/eaglegolftech.com\/en\/\">Read more<\/a><\/p>","protected":false},"author":1,"featured_media":1,"parent":0,"menu_order":0,"comment_status":"closed","ping_status":"closed","template":"","meta":{"footnotes":""},"class_list":["post-8754","page","type-page","status-publish","has-post-thumbnail"],"_links":{"self":[{"href":"https:\/\/eaglegolftech.com\/en\/wp-json\/wp\/v2\/pages\/8754","targetHints":{"allow":["GET"]}}],"collection":[{"href":"https:\/\/eaglegolftech.com\/en\/wp-json\/wp\/v2\/pages"}],"about":[{"href":"https:\/\/eaglegolftech.com\/en\/wp-json\/wp\/v2\/types\/page"}],"author":[{"embeddable":true,"href":"https:\/\/eaglegolftech.com\/en\/wp-json\/wp\/v2\/users\/1"}],"replies":[{"embeddable":true,"href":"https:\/\/eaglegolftech.com\/en\/wp-json\/wp\/v2\/comments?post=8754"}],"version-history":[{"count":438,"href":"https:\/\/eaglegolftech.com\/en\/wp-json\/wp\/v2\/pages\/8754\/revisions"}],"predecessor-version":[{"id":14087,"href":"https:\/\/eaglegolftech.com\/en\/wp-json\/wp\/v2\/pages\/8754\/revisions\/14087"}],"wp:featuredmedia":[{"embeddable":true,"href":"https:\/\/eaglegolftech.com\/en\/wp-json\/"}],"wp:attachment":[{"href":"https:\/\/eaglegolftech.com\/en\/wp-json\/wp\/v2\/media?parent=8754"}],"curies":[{"name":"wp","href":"https:\/\/api.w.org\/{rel}","templated":true}]}}