{"id":13110,"date":"2025-06-04T14:59:22","date_gmt":"2025-06-04T12:59:22","guid":{"rendered":"https:\/\/eaglegolftech.com\/?page_id=13110"},"modified":"2025-11-25T14:48:57","modified_gmt":"2025-11-25T13:48:57","slug":"trackman-obudowa-monitora","status":"publish","type":"page","link":"https:\/\/eaglegolftech.com\/en\/trackman-obudowa-monitora\/","title":{"rendered":"Trackman obudowa monitora"},"content":{"rendered":"<div data-elementor-type=\"wp-page\" data-elementor-id=\"13110\" class=\"elementor elementor-13110\">\n\t\t\t\t\t\t<section class=\"elementor-section elementor-top-section elementor-element elementor-element-899fef9 elementor-section-stretched elementor-section-boxed elementor-section-height-default elementor-section-height-default\" data-id=\"899fef9\" data-element_type=\"section\" data-settings=\"{&quot;stretch_section&quot;:&quot;section-stretched&quot;,&quot;background_background&quot;:&quot;slideshow&quot;,&quot;shape_divider_bottom&quot;:&quot;curve&quot;,&quot;shape_divider_bottom_negative&quot;:&quot;yes&quot;,&quot;background_slideshow_gallery&quot;:[{&quot;id&quot;:12284,&quot;url&quot;:&quot;https:\\\/\\\/eaglegolftech.com\\\/wp-content\\\/uploads\\\/2025\\\/03\\\/BW22_mavic2_00084-scaled.jpg&quot;},{&quot;id&quot;:12390,&quot;url&quot;:&quot;https:\\\/\\\/eaglegolftech.com\\\/wp-content\\\/uploads\\\/2025\\\/04\\\/DJI_0280-scaled.jpg&quot;}],&quot;background_slideshow_transition_duration&quot;:400,&quot;background_slideshow_slide_transition&quot;:&quot;slide_right&quot;,&quot;background_slideshow_loop&quot;:&quot;yes&quot;,&quot;background_slideshow_slide_duration&quot;:5000}\">\n\t\t\t\t\t<div class=\"elementor-shape elementor-shape-bottom\" aria-hidden=\"true\" data-negative=\"true\">\n\t\t\t<svg xmlns=\"http:\/\/www.w3.org\/2000\/svg\" viewbox=\"0 0 1000 100\" preserveaspectratio=\"none\">\n\t<path class=\"elementor-shape-fill\" d=\"M500,97C126.7,96.3,0.8,19.8,0,0v100l1000,0V1C1000,19.4,873.3,97.8,500,97z\"\/>\n<\/svg>\t\t<\/div>\n\t\t\t\t\t<div class=\"elementor-container elementor-column-gap-default\">\n\t\t\t\t\t<div class=\"elementor-column elementor-col-100 elementor-top-column elementor-element elementor-element-9ee1e0e animated-slow elementor-invisible\" data-id=\"9ee1e0e\" data-element_type=\"column\" data-settings=\"{&quot;animation&quot;:&quot;fadeIn&quot;,&quot;animation_delay&quot;:500}\">\n\t\t\t<div class=\"elementor-widget-wrap elementor-element-populated\">\n\t\t\t\t\t\t<div class=\"elementor-element elementor-element-449312a elementor-widget elementor-widget-spacer\" data-id=\"449312a\" data-element_type=\"widget\" data-widget_type=\"spacer.default\">\n\t\t\t\t<div class=\"elementor-widget-container\">\n\t\t\t\t\t\t\t<div class=\"elementor-spacer\">\n\t\t\t<div class=\"elementor-spacer-inner\"><\/div>\n\t\t<\/div>\n\t\t\t\t\t\t<\/div>\n\t\t\t\t<\/div>\n\t\t\t\t\t<\/div>\n\t\t<\/div>\n\t\t\t\t\t<\/div>\n\t\t<\/section>\n\t\t\t\t<section class=\"elementor-section elementor-top-section elementor-element elementor-element-3b67dea1 elementor-section-content-middle elementor-section-stretched elementor-section-boxed elementor-section-height-default elementor-section-height-default\" data-id=\"3b67dea1\" data-element_type=\"section\" id=\"features\" data-settings=\"{&quot;stretch_section&quot;:&quot;section-stretched&quot;}\">\n\t\t\t\t\t\t<div class=\"elementor-container elementor-column-gap-default\">\n\t\t\t\t\t<div class=\"elementor-column elementor-col-100 elementor-top-column elementor-element elementor-element-6038c06b\" data-id=\"6038c06b\" data-element_type=\"column\">\n\t\t\t<div class=\"elementor-widget-wrap elementor-element-populated\">\n\t\t\t\t\t\t<section class=\"elementor-section elementor-inner-section elementor-element elementor-element-7d5293b2 elementor-section-boxed elementor-section-height-default elementor-section-height-default\" data-id=\"7d5293b2\" data-element_type=\"section\">\n\t\t\t\t\t\t<div class=\"elementor-container elementor-column-gap-default\">\n\t\t\t\t\t<div class=\"elementor-column elementor-col-100 elementor-inner-column elementor-element elementor-element-1b4089df\" data-id=\"1b4089df\" data-element_type=\"column\">\n\t\t\t<div class=\"elementor-widget-wrap elementor-element-populated\">\n\t\t\t\t\t\t<div class=\"elementor-element elementor-element-2ea49b77 elementor-widget elementor-widget-heading\" data-id=\"2ea49b77\" data-element_type=\"widget\" data-widget_type=\"heading.default\">\n\t\t\t\t<div class=\"elementor-widget-container\">\n\t\t\t\t\t<h2 class=\"elementor-heading-title elementor-size-default\">Trackman outdoor enclosure<\/h2>\t\t\t\t<\/div>\n\t\t\t\t<\/div>\n\t\t\t\t\t<\/div>\n\t\t<\/div>\n\t\t\t\t\t<\/div>\n\t\t<\/section>\n\t\t\t\t<section class=\"elementor-section elementor-inner-section elementor-element elementor-element-17905aac elementor-section-content-middle elementor-section-boxed elementor-section-height-default elementor-section-height-default\" data-id=\"17905aac\" data-element_type=\"section\">\n\t\t\t\t\t\t<div class=\"elementor-container elementor-column-gap-wider\">\n\t\t\t\t\t<div class=\"elementor-column elementor-col-33 elementor-inner-column elementor-element elementor-element-4f5d64d9 elementor-invisible\" data-id=\"4f5d64d9\" data-element_type=\"column\" data-settings=\"{&quot;animation&quot;:&quot;slideInLeft&quot;,&quot;animation_delay&quot;:1000}\">\n\t\t\t<div class=\"elementor-widget-wrap elementor-element-populated\">\n\t\t\t\t\t\t<div class=\"elementor-element elementor-element-59aecddf elementor-vertical-align-top elementor-widget elementor-widget-image-box\" data-id=\"59aecddf\" data-element_type=\"widget\" data-widget_type=\"image-box.default\">\n\t\t\t\t<div class=\"elementor-widget-container\">\n\t\t\t\t\t<div class=\"elementor-image-box-wrapper\"><div class=\"elementor-image-box-content\"><h3 class=\"elementor-image-box-title\">Trackman outdoor enclosure<\/h3><p class=\"elementor-image-box-description\">To profesjonalne narz\u0119dzie<br data-start=\"163\" data-end=\"166\">zapewniaj\u0105ce r\u00f3wnomierne rozprowadzenie ziemi, piasku i mieszanki nawozowej na polach golfowych.<br data-start=\"264\" data-end=\"267\">Pomaga uzyska\u0107 g\u0142adk\u0105 i wyr\u00f3wnan\u0105 powierzchni\u0119,<br data-start=\"314\" data-end=\"317\">co poprawia kondycj\u0119 trawy i komfort gry<\/p><\/div><\/div>\t\t\t\t<\/div>\n\t\t\t\t<\/div>\n\t\t\t\t\t<\/div>\n\t\t<\/div>\n\t\t\t\t<div class=\"elementor-column elementor-col-33 elementor-inner-column elementor-element elementor-element-7608ea3e\" data-id=\"7608ea3e\" data-element_type=\"column\">\n\t\t\t<div class=\"elementor-widget-wrap elementor-element-populated\">\n\t\t\t\t\t\t<div class=\"elementor-element elementor-element-a8190c2 elementor-arrows-position-inside elementor-pagination-position-outside elementor-widget elementor-widget-image-carousel\" data-id=\"a8190c2\" data-element_type=\"widget\" data-settings=\"{&quot;slides_to_show&quot;:&quot;1&quot;,&quot;navigation&quot;:&quot;both&quot;,&quot;autoplay&quot;:&quot;yes&quot;,&quot;pause_on_hover&quot;:&quot;yes&quot;,&quot;pause_on_interaction&quot;:&quot;yes&quot;,&quot;autoplay_speed&quot;:5000,&quot;infinite&quot;:&quot;yes&quot;,&quot;effect&quot;:&quot;slide&quot;,&quot;speed&quot;:500}\" data-widget_type=\"image-carousel.default\">\n\t\t\t\t<div class=\"elementor-widget-container\">\n\t\t\t\t\t\t\t<div class=\"elementor-image-carousel-wrapper swiper\" role=\"region\" aria-roledescription=\"carousel\" aria-label=\"Karuzela obrazk\u00f3w\" dir=\"ltr\">\n\t\t\t<div class=\"elementor-image-carousel swiper-wrapper\" aria-live=\"off\">\n\t\t\t\t\t\t\t\t<div class=\"swiper-slide\" role=\"group\" aria-roledescription=\"slide\" aria-label=\"1 of 1\" data-no-translation-aria-label=\"\"><figure class=\"swiper-slide-inner\"><img decoding=\"async\" class=\"swiper-slide-image\" src=\"https:\/\/eaglegolftech.com\/wp-content\/uploads\/2025\/11\/Trackmann-enclosure-kopia.jpg\" alt=\"Trackmann-enclosure kopia\" \/><\/figure><\/div>\t\t\t<\/div>\n\t\t\t\t\t<\/div>\n\t\t\t\t\t\t<\/div>\n\t\t\t\t<\/div>\n\t\t\t\t\t<\/div>\n\t\t<\/div>\n\t\t\t\t<div class=\"elementor-column elementor-col-33 elementor-inner-column elementor-element elementor-element-7f3abbd6 elementor-invisible\" data-id=\"7f3abbd6\" data-element_type=\"column\" data-settings=\"{&quot;animation&quot;:&quot;slideInRight&quot;,&quot;animation_delay&quot;:1000}\">\n\t\t\t<div class=\"elementor-widget-wrap\">\n\t\t\t\t\t\t\t<\/div>\n\t\t<\/div>\n\t\t\t\t\t<\/div>\n\t\t<\/section>\n\t\t\t\t\t<\/div>\n\t\t<\/div>\n\t\t\t\t\t<\/div>\n\t\t<\/section>\n\t\t\t\t<\/div>","protected":false},"excerpt":{"rendered":"<p>Trackman outdoor enclosure Trackman outdoor enclosure To profesjonalne narz\u0119dziezapewniaj\u0105ce r\u00f3wnomierne&hellip;<\/p>\n<p> <a class=\"more-link\" href=\"https:\/\/eaglegolftech.com\/en\/trackman-obudowa-monitora\/\">Read more<\/a><\/p>","protected":false},"author":1,"featured_media":0,"parent":0,"menu_order":0,"comment_status":"closed","ping_status":"closed","template":"","meta":{"footnotes":""},"class_list":["post-13110","page","type-page","status-publish"],"_links":{"self":[{"href":"https:\/\/eaglegolftech.com\/en\/wp-json\/wp\/v2\/pages\/13110","targetHints":{"allow":["GET"]}}],"collection":[{"href":"https:\/\/eaglegolftech.com\/en\/wp-json\/wp\/v2\/pages"}],"about":[{"href":"https:\/\/eaglegolftech.com\/en\/wp-json\/wp\/v2\/types\/page"}],"author":[{"embeddable":true,"href":"https:\/\/eaglegolftech.com\/en\/wp-json\/wp\/v2\/users\/1"}],"replies":[{"embeddable":true,"href":"https:\/\/eaglegolftech.com\/en\/wp-json\/wp\/v2\/comments?post=13110"}],"version-history":[{"count":10,"href":"https:\/\/eaglegolftech.com\/en\/wp-json\/wp\/v2\/pages\/13110\/revisions"}],"predecessor-version":[{"id":14372,"href":"https:\/\/eaglegolftech.com\/en\/wp-json\/wp\/v2\/pages\/13110\/revisions\/14372"}],"wp:attachment":[{"href":"https:\/\/eaglegolftech.com\/en\/wp-json\/wp\/v2\/media?parent=13110"}],"curies":[{"name":"wp","href":"https:\/\/api.w.org\/{rel}","templated":true}]}}