{"id":12493,"date":"2025-04-09T15:53:00","date_gmt":"2025-04-09T13:53:00","guid":{"rendered":"https:\/\/eaglegolftech.com\/?page_id=12493"},"modified":"2025-04-10T15:29:19","modified_gmt":"2025-04-10T13:29:19","slug":"tee-box-hole-with-hole-layout","status":"publish","type":"page","link":"https:\/\/eaglegolftech.com\/en\/tee-box-hole-with-hole-layout\/","title":{"rendered":"TEE BOX HOLE WITH HOLE LAYOUT"},"content":{"rendered":"<div data-elementor-type=\"wp-page\" data-elementor-id=\"12493\" class=\"elementor elementor-12493\">\n\t\t\t\t\t\t<section class=\"elementor-section elementor-top-section elementor-element elementor-element-da81ec0 elementor-section-stretched elementor-section-boxed elementor-section-height-default elementor-section-height-default\" data-id=\"da81ec0\" data-element_type=\"section\" data-settings=\"{&quot;stretch_section&quot;:&quot;section-stretched&quot;,&quot;background_background&quot;:&quot;slideshow&quot;,&quot;shape_divider_bottom&quot;:&quot;curve&quot;,&quot;shape_divider_bottom_negative&quot;:&quot;yes&quot;,&quot;background_slideshow_gallery&quot;:[{&quot;id&quot;:12284,&quot;url&quot;:&quot;https:\\\/\\\/eaglegolftech.com\\\/wp-content\\\/uploads\\\/2025\\\/03\\\/BW22_mavic2_00084-scaled.jpg&quot;},{&quot;id&quot;:12390,&quot;url&quot;:&quot;https:\\\/\\\/eaglegolftech.com\\\/wp-content\\\/uploads\\\/2025\\\/04\\\/DJI_0280-scaled.jpg&quot;}],&quot;background_slideshow_transition_duration&quot;:400,&quot;background_slideshow_slide_transition&quot;:&quot;slide_right&quot;,&quot;background_slideshow_loop&quot;:&quot;yes&quot;,&quot;background_slideshow_slide_duration&quot;:5000}\">\n\t\t\t\t\t<div class=\"elementor-shape elementor-shape-bottom\" aria-hidden=\"true\" data-negative=\"true\">\n\t\t\t<svg xmlns=\"http:\/\/www.w3.org\/2000\/svg\" viewbox=\"0 0 1000 100\" preserveaspectratio=\"none\">\n\t<path class=\"elementor-shape-fill\" d=\"M500,97C126.7,96.3,0.8,19.8,0,0v100l1000,0V1C1000,19.4,873.3,97.8,500,97z\"\/>\n<\/svg>\t\t<\/div>\n\t\t\t\t\t<div class=\"elementor-container elementor-column-gap-default\">\n\t\t\t\t\t<div class=\"elementor-column elementor-col-100 elementor-top-column elementor-element elementor-element-4784632 animated-slow elementor-invisible\" data-id=\"4784632\" data-element_type=\"column\" data-settings=\"{&quot;animation&quot;:&quot;fadeIn&quot;,&quot;animation_delay&quot;:500}\">\n\t\t\t<div class=\"elementor-widget-wrap elementor-element-populated\">\n\t\t\t\t\t\t<div class=\"elementor-element elementor-element-1a58a30 elementor-widget elementor-widget-spacer\" data-id=\"1a58a30\" data-element_type=\"widget\" data-widget_type=\"spacer.default\">\n\t\t\t\t<div class=\"elementor-widget-container\">\n\t\t\t\t\t\t\t<div class=\"elementor-spacer\">\n\t\t\t<div class=\"elementor-spacer-inner\"><\/div>\n\t\t<\/div>\n\t\t\t\t\t\t<\/div>\n\t\t\t\t<\/div>\n\t\t\t\t\t<\/div>\n\t\t<\/div>\n\t\t\t\t\t<\/div>\n\t\t<\/section>\n\t\t\t\t<section class=\"elementor-section elementor-top-section elementor-element elementor-element-ddac13c elementor-section-content-middle elementor-section-stretched elementor-section-boxed elementor-section-height-default elementor-section-height-default\" data-id=\"ddac13c\" data-element_type=\"section\" id=\"features\" data-settings=\"{&quot;stretch_section&quot;:&quot;section-stretched&quot;}\">\n\t\t\t\t\t\t<div class=\"elementor-container elementor-column-gap-default\">\n\t\t\t\t\t<div class=\"elementor-column elementor-col-100 elementor-top-column elementor-element elementor-element-2b8a71ea\" data-id=\"2b8a71ea\" data-element_type=\"column\">\n\t\t\t<div class=\"elementor-widget-wrap elementor-element-populated\">\n\t\t\t\t\t\t<section class=\"elementor-section elementor-inner-section elementor-element elementor-element-44bbe6d8 elementor-section-boxed elementor-section-height-default elementor-section-height-default\" data-id=\"44bbe6d8\" data-element_type=\"section\">\n\t\t\t\t\t\t<div class=\"elementor-container elementor-column-gap-default\">\n\t\t\t\t\t<div class=\"elementor-column elementor-col-100 elementor-inner-column elementor-element elementor-element-403a3588\" data-id=\"403a3588\" data-element_type=\"column\">\n\t\t\t<div class=\"elementor-widget-wrap elementor-element-populated\">\n\t\t\t\t\t\t<div class=\"elementor-element elementor-element-6f4f6e31 elementor-widget elementor-widget-heading\" data-id=\"6f4f6e31\" data-element_type=\"widget\" data-widget_type=\"heading.default\">\n\t\t\t\t<div class=\"elementor-widget-container\">\n\t\t\t\t\t<h2 class=\"elementor-heading-title elementor-size-default\">TEE BOX HOLE WITH HOLE LAYOUT<\/h2>\t\t\t\t<\/div>\n\t\t\t\t<\/div>\n\t\t\t\t\t<\/div>\n\t\t<\/div>\n\t\t\t\t\t<\/div>\n\t\t<\/section>\n\t\t\t\t<section class=\"elementor-section elementor-inner-section elementor-element elementor-element-36ad03aa elementor-section-content-middle elementor-section-boxed elementor-section-height-default elementor-section-height-default\" data-id=\"36ad03aa\" data-element_type=\"section\">\n\t\t\t\t\t\t<div class=\"elementor-container elementor-column-gap-wider\">\n\t\t\t\t\t<div class=\"elementor-column elementor-col-33 elementor-inner-column elementor-element elementor-element-40374a73 elementor-invisible\" data-id=\"40374a73\" data-element_type=\"column\" data-settings=\"{&quot;animation&quot;:&quot;slideInLeft&quot;,&quot;animation_delay&quot;:1000}\">\n\t\t\t<div class=\"elementor-widget-wrap elementor-element-populated\">\n\t\t\t\t\t\t<div class=\"elementor-element elementor-element-4acabdfb elementor-vertical-align-top elementor-widget elementor-widget-image-box\" data-id=\"4acabdfb\" data-element_type=\"widget\" data-widget_type=\"image-box.default\">\n\t\t\t\t<div class=\"elementor-widget-container\">\n\t\t\t\t\t<div class=\"elementor-image-box-wrapper\"><div class=\"elementor-image-box-content\"><h3 class=\"elementor-image-box-title\">TEE BOX HOLE WITH HOLE LAYOUT<\/h3><p class=\"elementor-image-box-description\">Profesjonalna tabliczka informacyjna przedstawiaj\u0105ca szczeg\u00f3\u0142owy uk\u0142ad do\u0142ka \u2013 idealna do umieszczenia przy tee startowym. Pomaga graczom lepiej zaplanowa\u0107 uderzenie i zwi\u0119ksza komfort gry.<\/p><\/div><\/div>\t\t\t\t<\/div>\n\t\t\t\t<\/div>\n\t\t\t\t<div class=\"elementor-element elementor-element-18ddcfb3 elementor-vertical-align-top elementor-widget elementor-widget-image-box\" data-id=\"18ddcfb3\" data-element_type=\"widget\" data-widget_type=\"image-box.default\">\n\t\t\t\t<div class=\"elementor-widget-container\">\n\t\t\t\t\t<div class=\"elementor-image-box-wrapper\"><div class=\"elementor-image-box-content\"><h3 class=\"elementor-image-box-title\"><span style=\"color: var( --e-global-color-primary );font-weight: var( --e-global-typography-primary-font-weight )\">wymiary I MATERIA\u0141<\/span><span style=\"color: var( --e-global-color-primary );font-weight: var( --e-global-typography-primary-font-weight )\"><\/span><br><\/h3><p class=\"elementor-image-box-description\"><span data-start=\"451\" data-end=\"475\" style=\"font-weight: 700\">Metalowa konstrukcja<\/span><span>&nbsp;z wsuwanym panelem&nbsp;<\/span><span data-start=\"495\" data-end=\"505\" style=\"font-weight: 700\">Dibond<\/span><span>&nbsp;\u2013 lekki, sztywny i bardzo trwa\u0142y materia\u0142 kompozytowy.<\/span><\/p><\/div><\/div>\t\t\t\t<\/div>\n\t\t\t\t<\/div>\n\t\t\t\t<div class=\"elementor-element elementor-element-1cdd0256 elementor-widget__width-initial elementor-absolute elementor-widget elementor-widget-text-editor\" data-id=\"1cdd0256\" data-element_type=\"widget\" data-settings=\"{&quot;_position&quot;:&quot;absolute&quot;}\" data-widget_type=\"text-editor.default\">\n\t\t\t\t<div class=\"elementor-widget-container\">\n\t\t\t\t\t\t\t\t\t<p>TEES BOX<\/p>\t\t\t\t\t\t\t\t<\/div>\n\t\t\t\t<\/div>\n\t\t\t\t<div class=\"elementor-element elementor-element-650fe92e elementor-widget__width-initial elementor-absolute elementor-widget elementor-widget-text-editor\" data-id=\"650fe92e\" data-element_type=\"widget\" data-settings=\"{&quot;_position&quot;:&quot;absolute&quot;}\" data-widget_type=\"text-editor.default\">\n\t\t\t\t<div class=\"elementor-widget-container\">\n\t\t\t\t\t\t\t\t\t<p>TEES BOX<\/p>\t\t\t\t\t\t\t\t<\/div>\n\t\t\t\t<\/div>\n\t\t\t\t<div class=\"elementor-element elementor-element-2cae7bd elementor-widget__width-initial elementor-absolute elementor-widget elementor-widget-text-editor\" data-id=\"2cae7bd\" data-element_type=\"widget\" data-settings=\"{&quot;_position&quot;:&quot;absolute&quot;}\" data-widget_type=\"text-editor.default\">\n\t\t\t\t<div class=\"elementor-widget-container\">\n\t\t\t\t\t\t\t\t\t<p>TEES BOX<\/p>\t\t\t\t\t\t\t\t<\/div>\n\t\t\t\t<\/div>\n\t\t\t\t\t<\/div>\n\t\t<\/div>\n\t\t\t\t<div class=\"elementor-column elementor-col-33 elementor-inner-column elementor-element elementor-element-1e4ddc72\" data-id=\"1e4ddc72\" data-element_type=\"column\">\n\t\t\t<div class=\"elementor-widget-wrap elementor-element-populated\">\n\t\t\t\t\t\t<div class=\"elementor-element elementor-element-42a231d3 elementor-arrows-position-inside elementor-pagination-position-outside elementor-widget elementor-widget-image-carousel\" data-id=\"42a231d3\" data-element_type=\"widget\" data-settings=\"{&quot;slides_to_show&quot;:&quot;1&quot;,&quot;navigation&quot;:&quot;both&quot;,&quot;autoplay&quot;:&quot;yes&quot;,&quot;pause_on_hover&quot;:&quot;yes&quot;,&quot;pause_on_interaction&quot;:&quot;yes&quot;,&quot;autoplay_speed&quot;:5000,&quot;infinite&quot;:&quot;yes&quot;,&quot;effect&quot;:&quot;slide&quot;,&quot;speed&quot;:500}\" data-widget_type=\"image-carousel.default\">\n\t\t\t\t<div class=\"elementor-widget-container\">\n\t\t\t\t\t\t\t<div class=\"elementor-image-carousel-wrapper swiper\" role=\"region\" aria-roledescription=\"carousel\" aria-label=\"Karuzela obrazk\u00f3w\" dir=\"ltr\">\n\t\t\t<div class=\"elementor-image-carousel swiper-wrapper\" aria-live=\"off\">\n\t\t\t\t\t\t\t\t<div class=\"swiper-slide\" role=\"group\" aria-roledescription=\"slide\" aria-label=\"1 of 1\" data-no-translation-aria-label=\"\"><figure class=\"swiper-slide-inner\"><img decoding=\"async\" class=\"swiper-slide-image\" src=\"https:\/\/eaglegolftech.com\/wp-content\/uploads\/2025\/03\/tee-box.jpg\" alt=\"tee box\" \/><\/figure><\/div>\t\t\t<\/div>\n\t\t\t\t\t<\/div>\n\t\t\t\t\t\t<\/div>\n\t\t\t\t<\/div>\n\t\t\t\t\t<\/div>\n\t\t<\/div>\n\t\t\t\t<div class=\"elementor-column elementor-col-33 elementor-inner-column elementor-element elementor-element-6418f36d elementor-invisible\" data-id=\"6418f36d\" data-element_type=\"column\" data-settings=\"{&quot;animation&quot;:&quot;slideInRight&quot;,&quot;animation_delay&quot;:1000}\">\n\t\t\t<div class=\"elementor-widget-wrap elementor-element-populated\">\n\t\t\t\t\t\t<div class=\"elementor-element elementor-element-11a75ab2 elementor-vertical-align-top elementor-widget elementor-widget-image-box\" data-id=\"11a75ab2\" data-element_type=\"widget\" data-widget_type=\"image-box.default\">\n\t\t\t\t<div class=\"elementor-widget-container\">\n\t\t\t\t\t<div class=\"elementor-image-box-wrapper\"><div class=\"elementor-image-box-content\"><h3 class=\"elementor-image-box-title\">Szczeg\u00f3\u0142owy plan do\u0142ka<\/h3><p class=\"elementor-image-box-description\">Z zaznaczon\u0105 tras\u0105, odleg\u0142o\u015bciami i numerem tee<\/p><\/div><\/div>\t\t\t\t<\/div>\n\t\t\t\t<\/div>\n\t\t\t\t<div class=\"elementor-element elementor-element-636317ec elementor-vertical-align-top elementor-widget elementor-widget-image-box\" data-id=\"636317ec\" data-element_type=\"widget\" data-widget_type=\"image-box.default\">\n\t\t\t\t<div class=\"elementor-widget-container\">\n\t\t\t\t\t<div class=\"elementor-image-box-wrapper\"><div class=\"elementor-image-box-content\"><h3 class=\"elementor-image-box-title\"><span style=\"color: var( --e-global-color-primary );font-size: 14px;font-weight: var( --e-global-typography-primary-font-weight )\">\u0141atwa wymiana grafiki<\/span><\/h3><p class=\"elementor-image-box-description\"><span>Wsuwana p\u0142yta pozwala szybko zaktualizowa\u0107 oznaczenie<\/span><\/p><\/div><\/div>\t\t\t\t<\/div>\n\t\t\t\t<\/div>\n\t\t\t\t<div class=\"elementor-element elementor-element-737ae331 elementor-vertical-align-top elementor-widget elementor-widget-image-box\" data-id=\"737ae331\" data-element_type=\"widget\" data-widget_type=\"image-box.default\">\n\t\t\t\t<div class=\"elementor-widget-container\">\n\t\t\t\t\t<div class=\"elementor-image-box-wrapper\"><div class=\"elementor-image-box-content\"><h3 class=\"elementor-image-box-title\"><span style=\"color: var( --e-global-color-primary );font-weight: var( --e-global-typography-primary-font-weight )\">Mo\u017cliwo\u015b\u0107 personalizacji<\/span><\/h3><p class=\"elementor-image-box-description\"><span>dodanie logo, nazwy klubu, numeru do\u0142ka itp.<\/span><\/p><\/div><\/div>\t\t\t\t<\/div>\n\t\t\t\t<\/div>\n\t\t\t\t\t<\/div>\n\t\t<\/div>\n\t\t\t\t\t<\/div>\n\t\t<\/section>\n\t\t\t\t\t<\/div>\n\t\t<\/div>\n\t\t\t\t\t<\/div>\n\t\t<\/section>\n\t\t\t\t<\/div>","protected":false},"excerpt":{"rendered":"<p>TEE BOX HOLE WITH HOLE LAYOUT TEE BOX HOLE WITH&hellip;<\/p>\n<p> <a class=\"more-link\" href=\"https:\/\/eaglegolftech.com\/en\/tee-box-hole-with-hole-layout\/\">Read more<\/a><\/p>","protected":false},"author":2,"featured_media":0,"parent":0,"menu_order":0,"comment_status":"closed","ping_status":"closed","template":"","meta":{"footnotes":""},"class_list":["post-12493","page","type-page","status-publish"],"_links":{"self":[{"href":"https:\/\/eaglegolftech.com\/en\/wp-json\/wp\/v2\/pages\/12493","targetHints":{"allow":["GET"]}}],"collection":[{"href":"https:\/\/eaglegolftech.com\/en\/wp-json\/wp\/v2\/pages"}],"about":[{"href":"https:\/\/eaglegolftech.com\/en\/wp-json\/wp\/v2\/types\/page"}],"author":[{"embeddable":true,"href":"https:\/\/eaglegolftech.com\/en\/wp-json\/wp\/v2\/users\/2"}],"replies":[{"embeddable":true,"href":"https:\/\/eaglegolftech.com\/en\/wp-json\/wp\/v2\/comments?post=12493"}],"version-history":[{"count":16,"href":"https:\/\/eaglegolftech.com\/en\/wp-json\/wp\/v2\/pages\/12493\/revisions"}],"predecessor-version":[{"id":12579,"href":"https:\/\/eaglegolftech.com\/en\/wp-json\/wp\/v2\/pages\/12493\/revisions\/12579"}],"wp:attachment":[{"href":"https:\/\/eaglegolftech.com\/en\/wp-json\/wp\/v2\/media?parent=12493"}],"curies":[{"name":"wp","href":"https:\/\/api.w.org\/{rel}","templated":true}]}}